{"id":4691,"date":"2018-01-27T13:09:22","date_gmt":"2018-01-27T12:09:22","guid":{"rendered":"https:\/\/skanzenrochus.cz\/uvod-2\/"},"modified":"2024-01-23T15:40:31","modified_gmt":"2024-01-23T14:40:31","slug":"uvod-2","status":"publish","type":"page","link":"https:\/\/skanzenrochus.cz\/en\/","title":{"rendered":"Home"},"content":{"rendered":"<p>[et_pb_section fb_built=&#8221;1&#8243; admin_label=&#8221;Hp video&#8221; module_id=&#8221;hp-top&#8221; _builder_version=&#8221;4.16&#8243; background_image=&#8221;https:\/\/skanzenrochus.cz\/wp-content\/uploads\/2018\/10\/intro.jpg&#8221; global_colors_info=&#8221;{}&#8221;][et_pb_row _builder_version=&#8221;4.16&#8243; background_size=&#8221;initial&#8221; background_position=&#8221;top_left&#8221; background_repeat=&#8221;repeat&#8221; global_colors_info=&#8221;{}&#8221;][et_pb_column type=&#8221;4_4&#8243; _builder_version=&#8221;4.16&#8243; custom_padding=&#8221;|||&#8221; global_colors_info=&#8221;{}&#8221; custom_padding__hover=&#8221;|||&#8221;][\/et_pb_column][\/et_pb_row][\/et_pb_section][et_pb_section fb_built=&#8221;1&#8243; module_id=&#8221;hp-first&#8221; _builder_version=&#8221;4.16&#8243; custom_padding=&#8221;0|0px|0|0px&#8221; global_colors_info=&#8221;{}&#8221;][et_pb_row column_structure=&#8221;1_3,2_3&#8243; _builder_version=&#8221;4.16&#8243; max_width=&#8221;1400px&#8221; use_custom_width=&#8221;on&#8221; custom_width_px=&#8221;1400px&#8221; global_colors_info=&#8221;{}&#8221;][et_pb_column type=&#8221;1_3&#8243; module_id=&#8221;prvni-sl&#8221; _builder_version=&#8221;4.16&#8243; custom_padding=&#8221;|||&#8221; global_colors_info=&#8221;{}&#8221; custom_padding__hover=&#8221;|||&#8221;][et_pb_image src=&#8221;https:\/\/skanzenrochus.cz\/wp-content\/uploads\/2018\/04\/kone.jpg&#8221; align=&#8221;center&#8221; align_tablet=&#8221;center&#8221; align_phone=&#8221;&#8221; align_last_edited=&#8221;on|desktop&#8221; module_class=&#8221;hp-first-img&#8221; _builder_version=&#8221;4.16&#8243; custom_margin=&#8221;|||&#8221; animation_style=&#8221;slide&#8221; border_radii=&#8221;on|15px|15px|15px|15px&#8221; box_shadow_style=&#8221;preset3&#8243; box_shadow_vertical=&#8221;15px&#8221; box_shadow_blur=&#8221;29px&#8221; global_colors_info=&#8221;{}&#8221;]&nbsp;<br \/>\n[\/et_pb_image][\/et_pb_column][et_pb_column type=&#8221;2_3&#8243; module_id=&#8221;druhy-sl&#8221; _builder_version=&#8221;4.16&#8243; custom_padding=&#8221;|||&#8221; global_colors_info=&#8221;{}&#8221; custom_padding__hover=&#8221;|||&#8221;][et_pb_text _builder_version=&#8221;4.16&#8243; global_colors_info=&#8221;{}&#8221;]<\/p>\n<h1>SKANZEN ROCHUS<\/h1>\n<h1>Open-air museum in the heart of Slov\u00e1cko<\/h1>\n<p style=\"text-align: justify;\">Welcome to the centre of Slov\u00e1cko district on the hill above the town of Uhersk\u00e9 Hradi\u0161t\u011b, to the country of folk songs, wine and slivovice, the horse riders of The Ride of the Kings, Slov\u00e1cko verbu\u0148k dancers, to the country of handicraft masters and other common people who are united in their respect for tradition. Please, come and join us in our way against the stream of time, let us look into the dwellings of our grandmothers and great-grandmothers. You get the most beautiful view of Uhersk\u00e9 Hradi\u0161t\u011b and its surroundings. Nature is as close as it gets. Besides, this is the place where you can get acquainted with the traditions of the district you have just visited.<\/p>\n<p>[\/et_pb_text][\/et_pb_column][\/et_pb_row][et_pb_row _builder_version=&#8221;4.16&#8243; global_colors_info=&#8221;{}&#8221;][et_pb_column type=&#8221;4_4&#8243; _builder_version=&#8221;4.16&#8243; global_colors_info=&#8221;{}&#8221;][et_pb_text _builder_version=&#8221;4.16&#8243; global_colors_info=&#8221;{}&#8221;]<\/p>\n<p style=\"text-align: center;\"><strong>You are warmly welcome to make a tour of the youngest open-air museum in the Czech Republic \u2013 Rochus open-air museum in Uhersk\u00e9 Hradi\u0161t\u011b. <\/strong><\/p>\n<p style=\"text-align: center;\"><strong>We are looking forward to seeing you!<\/strong><\/p>\n<p>[\/et_pb_text][\/et_pb_column][\/et_pb_row][\/et_pb_section][et_pb_section fb_built=&#8221;1&#8243; _builder_version=&#8221;4.16&#8243; custom_padding=&#8221;28px|0px|81px|0px|false|false&#8221; global_colors_info=&#8221;{}&#8221;][et_pb_row _builder_version=&#8221;4.16&#8243; global_colors_info=&#8221;{}&#8221;][et_pb_column type=&#8221;4_4&#8243; _builder_version=&#8221;4.16&#8243; custom_padding=&#8221;|||&#8221; global_colors_info=&#8221;{}&#8221; custom_padding__hover=&#8221;|||&#8221;][et_pb_image src=&#8221;https:\/\/skanzenrochus.cz\/wp-content\/uploads\/2018\/04\/ornament2.png&#8221; align=&#8221;center&#8221; align_tablet=&#8221;center&#8221; align_phone=&#8221;&#8221; align_last_edited=&#8221;on|desktop&#8221; module_class=&#8221;hp-ornament&#8221; _builder_version=&#8221;4.16&#8243; animation_style=&#8221;slide&#8221; global_colors_info=&#8221;{}&#8221;]&nbsp;<br \/>\n[\/et_pb_image][et_pb_text _builder_version=&#8221;4.16&#8243; global_colors_info=&#8221;{}&#8221;]<\/p>\n<h2 style=\"text-align: center;\">News<\/h2>\n<p>[\/et_pb_text][et_pb_code _builder_version=&#8221;4.16&#8243; locked=&#8221;off&#8221; global_colors_info=&#8221;{}&#8221;]<section id=\"hp-novinky\">\n\n                            <p>\n                    Unfortunately, we have nothing to display here.                <\/p>\n                                \n<\/section>\n[\/et_pb_code][\/et_pb_column][\/et_pb_row][\/et_pb_section][et_pb_section fb_built=&#8221;1&#8243; module_id=&#8221;hp-modry&#8221; module_class=&#8221;vlnky&#8221; _builder_version=&#8221;4.16&#8243; background_color=&#8221;#365e7e&#8221; custom_padding=&#8221;0|0px|0|0px&#8221; global_colors_info=&#8221;{}&#8221;][et_pb_row column_structure=&#8221;1_2,1_2&#8243; use_custom_gutter=&#8221;on&#8221; gutter_width=&#8221;1&#8243; make_equal=&#8221;on&#8221; module_class=&#8221; et_pb_row_fullwidth&#8221; _builder_version=&#8221;4.16&#8243; width=&#8221;100%&#8221; width_tablet=&#8221;100%&#8221; width_phone=&#8221;&#8221; width_last_edited=&#8221;on|desktop&#8221; max_width=&#8221;100%&#8221; max_width_tablet=&#8221;100%&#8221; max_width_phone=&#8221;&#8221; max_width_last_edited=&#8221;on|desktop&#8221; custom_padding=&#8221;0|0px|0|0px&#8221; make_fullwidth=&#8221;on&#8221; global_colors_info=&#8221;{}&#8221;][et_pb_column type=&#8221;1_2&#8243; module_class=&#8221;levy-sloupec&#8221; _builder_version=&#8221;4.16&#8243; custom_padding=&#8221;|||&#8221; global_colors_info=&#8221;{}&#8221; custom_padding__hover=&#8221;|||&#8221;][et_pb_text _builder_version=&#8221;4.16&#8243; text_font=&#8221;||||||||&#8221; background_layout=&#8221;dark&#8221; global_colors_info=&#8221;{}&#8221;]<\/p>\n<h2 style=\"text-align: justify;\">Do come and visit us<\/h2>\n<p style=\"text-align: justify;\">Just go outside the town and you find yourself in a place full of interesting surprises. You are still in Uhersk\u00e9 Hradi\u0161t\u011b \u2013 Ma\u0159atice but at the same time the environment takes you back to the turn of the 19th and 20th centuries. Welcome to the folk architecture skansen of Uhersk\u00e9 Hradi\u0161t\u011b district which is part of Park Rochus.<\/p>\n<p>[\/et_pb_text][et_pb_button button_url=&#8221;https:\/\/skanzenrochus.cz\/en\/kontakt\/&#8221; button_text=&#8221;Where to find us&#8221; button_alignment=&#8221;center&#8221; module_class=&#8221;zelene-tlacitko&#8221; _builder_version=&#8221;4.16&#8243; custom_button=&#8221;on&#8221; button_text_color=&#8221;#ffffff&#8221; button_border_color=&#8221;#ffffff&#8221; button_border_radius=&#8221;30px&#8221; button_letter_spacing=&#8221;1px&#8221; button_font=&#8221;|700||on|||||&#8221; button_use_icon=&#8221;off&#8221; custom_margin=&#8221;30px|||&#8221; button_text_color_hover=&#8221;#ffffff&#8221; button_letter_spacing_hover=&#8221;1px&#8221; button_bg_color_hover=&#8221;#3aaa35&#8243; global_colors_info=&#8221;{}&#8221; button_text_size__hover_enabled=&#8221;off&#8221; button_one_text_size__hover_enabled=&#8221;off&#8221; button_two_text_size__hover_enabled=&#8221;off&#8221; button_text_color__hover_enabled=&#8221;on&#8221; button_text_color__hover=&#8221;#ffffff&#8221; button_one_text_color__hover_enabled=&#8221;off&#8221; button_two_text_color__hover_enabled=&#8221;off&#8221; button_border_width__hover_enabled=&#8221;off&#8221; button_one_border_width__hover_enabled=&#8221;off&#8221; button_two_border_width__hover_enabled=&#8221;off&#8221; button_border_color__hover_enabled=&#8221;off&#8221; button_one_border_color__hover_enabled=&#8221;off&#8221; button_two_border_color__hover_enabled=&#8221;off&#8221; button_border_radius__hover_enabled=&#8221;off&#8221; button_one_border_radius__hover_enabled=&#8221;off&#8221; button_two_border_radius__hover_enabled=&#8221;off&#8221; button_letter_spacing__hover_enabled=&#8221;on&#8221; button_letter_spacing__hover=&#8221;1px&#8221; button_one_letter_spacing__hover_enabled=&#8221;off&#8221; button_two_letter_spacing__hover_enabled=&#8221;off&#8221; button_bg_color__hover_enabled=&#8221;on&#8221; button_bg_color__hover=&#8221;#3aaa35&#8243; button_one_bg_color__hover_enabled=&#8221;off&#8221; button_two_bg_color__hover_enabled=&#8221;off&#8221;]&nbsp;<br \/>\n[\/et_pb_button][\/et_pb_column][et_pb_column type=&#8221;1_2&#8243; module_class=&#8221;pravy-sloupec&#8221; _builder_version=&#8221;4.16&#8243; background_image=&#8221;https:\/\/skanzenrochus.cz\/wp-content\/uploads\/2018\/04\/domek3.jpg&#8221; custom_padding=&#8221;|||&#8221; global_colors_info=&#8221;{}&#8221; custom_padding__hover=&#8221;|||&#8221;][\/et_pb_column][\/et_pb_row][\/et_pb_section][et_pb_section fb_built=&#8221;1&#8243; admin_label=&#8221;Sekce&#8221; _builder_version=&#8221;4.16&#8243; global_colors_info=&#8221;{}&#8221;][et_pb_row _builder_version=&#8221;4.16&#8243; global_colors_info=&#8221;{}&#8221;][et_pb_column type=&#8221;4_4&#8243; _builder_version=&#8221;4.16&#8243; custom_padding=&#8221;|||&#8221; global_colors_info=&#8221;{}&#8221; custom_padding__hover=&#8221;|||&#8221;][et_pb_text _builder_version=&#8221;4.19.0&#8243; text_font=&#8221;||||||||&#8221; text_orientation=&#8221;center&#8221; hover_enabled=&#8221;0&#8243; global_colors_info=&#8221;{}&#8221; sticky_enabled=&#8221;0&#8243;]<\/p>\n<h2>UPCOMING CULTURAL EVENTS <\/h2>\n<p>[\/et_pb_text][\/et_pb_column][\/et_pb_row][et_pb_row _builder_version=&#8221;4.16&#8243; custom_padding=&#8221;0px|||||&#8221; global_colors_info=&#8221;{}&#8221;][et_pb_column type=&#8221;4_4&#8243; _builder_version=&#8221;4.16&#8243; global_colors_info=&#8221;{}&#8221;][et_pb_code _builder_version=&#8221;4.16&#8243; locked=&#8221;off&#8221; global_colors_info=&#8221;{}&#8221;]<div class=\"vypisAkci\">\n\n    \n<article class=\"boxAkceNew nadchazejici\">\n    <a href=\"https:\/\/skanzenrochus.cz\/en\/akce\/rochus-pod-hvezdami-4\/\">\n        <div class=\"datumAkce\">\n            <div class=\"denAkce\">6. 6. 2026<\/div>\n        <\/div>\n        <div class=\"nazevAkce\">\n            <h3>ROCHUS POD HV\u011aZDAMI<\/h3>\n        <\/div>\n\n    <\/a>\n<\/article>\n    \n<\/div>\n[\/et_pb_code][\/et_pb_column][\/et_pb_row][\/et_pb_section][et_pb_section fb_built=&#8221;1&#8243; fullwidth=&#8221;on&#8221; _builder_version=&#8221;4.16&#8243; global_colors_info=&#8221;{}&#8221;][et_pb_fullwidth_code _builder_version=&#8221;4.16&#8243; global_colors_info=&#8221;{}&#8221;]<section id=\"fotogalerie\">\n    <div class=\"mozaika-reference\">\n        \n            <div class=\"obal-reference\" style=\"background-image: url(https:\/\/skanzenrochus.cz\/wp-content\/uploads\/2026\/02\/250914-Navraty-k-lidove-tradici-JB-003-480x320.jpg)\" data-rjs=\"https:\/\/skanzenrochus.cz\/wp-content\/uploads\/2026\/02\/250914-Navraty-k-lidove-tradici-JB-003-667x640.jpg\">\n                <a href=\"https:\/\/skanzenrochus.cz\/en\/fotogalerie\/navraty-k-lidove-tradici\/\">\n                    <div class=\"prekryv-reference\">\n                        <div class=\"centered\">\n                          <img decoding=\"async\" class=\"hov-gal\" src=\"https:\/\/skanzenrochus.cz\/wp-content\/themes\/propagon\/img\/galerie@2x.png\" \/>\n                            <p class=\"nazev-galerie\">\n                                N\u00c1VRATY K LIDOV\u00c9 TRADICI                            <\/p>\n                        <\/div>\n                    <\/div>\n                <\/a>\n            <\/div>\n\n            \n            <div class=\"obal-reference\" style=\"background-image: url(https:\/\/skanzenrochus.cz\/wp-content\/uploads\/2026\/02\/DSC05167-480x320.jpg)\" data-rjs=\"https:\/\/skanzenrochus.cz\/wp-content\/uploads\/2026\/02\/DSC05167-960x640.jpg\">\n                <a href=\"https:\/\/skanzenrochus.cz\/en\/fotogalerie\/aj-ty-svaty-rochu-daj-nam-vina-trochu\/\">\n                    <div class=\"prekryv-reference\">\n                        <div class=\"centered\">\n                          <img decoding=\"async\" class=\"hov-gal\" src=\"https:\/\/skanzenrochus.cz\/wp-content\/themes\/propagon\/img\/galerie@2x.png\" \/>\n                            <p class=\"nazev-galerie\">\n                                AJ, TY SVAT\u00dd ROCHU, DAJ N\u00c1M V\u00cdNA TROCHU                            <\/p>\n                        <\/div>\n                    <\/div>\n                <\/a>\n            <\/div>\n\n            \n            <div class=\"obal-reference\" style=\"background-image: url(https:\/\/skanzenrochus.cz\/wp-content\/uploads\/2026\/02\/DSC05070-480x320.jpg)\" data-rjs=\"https:\/\/skanzenrochus.cz\/wp-content\/uploads\/2026\/02\/DSC05070-960x640.jpg\">\n                <a href=\"https:\/\/skanzenrochus.cz\/en\/fotogalerie\/koncert-k-jubileu-rockoveho-sboru-svaty-pluk-2025\/\">\n                    <div class=\"prekryv-reference\">\n                        <div class=\"centered\">\n                          <img decoding=\"async\" class=\"hov-gal\" src=\"https:\/\/skanzenrochus.cz\/wp-content\/themes\/propagon\/img\/galerie@2x.png\" \/>\n                            <p class=\"nazev-galerie\">\n                                KONCERT K JUBILEU ROCKOV\u00c9HO SBORU SVAT\u00dd PLUK 2025                            <\/p>\n                        <\/div>\n                    <\/div>\n                <\/a>\n            <\/div>\n\n            \n            <div class=\"obal-reference\" style=\"background-image: url(https:\/\/skanzenrochus.cz\/wp-content\/uploads\/2026\/02\/20250925_193334-480x320.jpg)\" data-rjs=\"https:\/\/skanzenrochus.cz\/wp-content\/uploads\/2026\/02\/20250925_193334-900x640.jpg\">\n                <a href=\"https:\/\/skanzenrochus.cz\/en\/fotogalerie\/rukodelne-pletky-u-nasej-tetky-2025-vyroba-figurek-z-kukuricneho-susti\/\">\n                    <div class=\"prekryv-reference\">\n                        <div class=\"centered\">\n                          <img decoding=\"async\" class=\"hov-gal\" src=\"https:\/\/skanzenrochus.cz\/wp-content\/themes\/propagon\/img\/galerie@2x.png\" \/>\n                            <p class=\"nazev-galerie\">\n                                RUKOD\u011aLN\u00c9 PLETKY U NA\u0160\u00c9J TETKY 2025 &#8211; V\u00ddROBA FIGUREK Z KUKU\u0158I\u010cN\u00c9HO \u0160UST\u00cd                            <\/p>\n                        <\/div>\n                    <\/div>\n                <\/a>\n            <\/div>\n\n            \n            <div class=\"obal-reference\" style=\"background-image: url(https:\/\/skanzenrochus.cz\/wp-content\/uploads\/2026\/02\/DSC05035-1-480x320.jpg)\" data-rjs=\"https:\/\/skanzenrochus.cz\/wp-content\/uploads\/2026\/02\/DSC05035-1-960x640.jpg\">\n                <a href=\"https:\/\/skanzenrochus.cz\/en\/fotogalerie\/talk-show-na-pohovce-jozky-kubanika\/\">\n                    <div class=\"prekryv-reference\">\n                        <div class=\"centered\">\n                          <img decoding=\"async\" class=\"hov-gal\" src=\"https:\/\/skanzenrochus.cz\/wp-content\/themes\/propagon\/img\/galerie@2x.png\" \/>\n                            <p class=\"nazev-galerie\">\n                                Talk show Na pohovce Jo\u017eky Kub\u00e1n\u00edka                            <\/p>\n                        <\/div>\n                    <\/div>\n                <\/a>\n            <\/div>\n\n            \n            <div class=\"obal-reference\" style=\"background-image: url(https:\/\/skanzenrochus.cz\/wp-content\/uploads\/2026\/02\/DSC04993-480x320.jpg)\" data-rjs=\"https:\/\/skanzenrochus.cz\/wp-content\/uploads\/2026\/02\/DSC04993-960x640.jpg\">\n                <a href=\"https:\/\/skanzenrochus.cz\/en\/fotogalerie\/rukodelne-pletky-u-nasej-tetky-byliny-a-dreviny-2025\/\">\n                    <div class=\"prekryv-reference\">\n                        <div class=\"centered\">\n                          <img decoding=\"async\" class=\"hov-gal\" src=\"https:\/\/skanzenrochus.cz\/wp-content\/themes\/propagon\/img\/galerie@2x.png\" \/>\n                            <p class=\"nazev-galerie\">\n                                RUKOD\u011aLN\u00c9 PLETKY U NA\u0160\u00c9J TETKY &#8211; Byliny a d\u0159eviny 2025                            <\/p>\n                        <\/div>\n                    <\/div>\n                <\/a>\n            <\/div>\n\n            \n            <div class=\"obal-reference\" style=\"background-image: url(https:\/\/skanzenrochus.cz\/wp-content\/uploads\/2026\/02\/DSC04964-1-480x320.jpg)\" data-rjs=\"https:\/\/skanzenrochus.cz\/wp-content\/uploads\/2026\/02\/DSC04964-1-960x640.jpg\">\n                <a href=\"https:\/\/skanzenrochus.cz\/en\/fotogalerie\/opojen-pisni-doprovodny-program-lfs-2025\/\">\n                    <div class=\"prekryv-reference\">\n                        <div class=\"centered\">\n                          <img decoding=\"async\" class=\"hov-gal\" src=\"https:\/\/skanzenrochus.cz\/wp-content\/themes\/propagon\/img\/galerie@2x.png\" \/>\n                            <p class=\"nazev-galerie\">\n                                OPOJEN P\u00cdSN\u00cd &#8211; DOPROVODN\u00dd PROGRAM LF\u0160 2025                            <\/p>\n                        <\/div>\n                    <\/div>\n                <\/a>\n            <\/div>\n\n            \n            <div class=\"obal-reference\" style=\"background-image: url(https:\/\/skanzenrochus.cz\/wp-content\/uploads\/2026\/02\/20250820_130822-480x320.jpg)\" data-rjs=\"https:\/\/skanzenrochus.cz\/wp-content\/uploads\/2026\/02\/20250820_130822-900x640.jpg\">\n                <a href=\"https:\/\/skanzenrochus.cz\/en\/fotogalerie\/stredy-s-keramikem-2025\/\">\n                    <div class=\"prekryv-reference\">\n                        <div class=\"centered\">\n                          <img decoding=\"async\" class=\"hov-gal\" src=\"https:\/\/skanzenrochus.cz\/wp-content\/themes\/propagon\/img\/galerie@2x.png\" \/>\n                            <p class=\"nazev-galerie\">\n                                ST\u0158EDY S KERAMIKEM 2025                            <\/p>\n                        <\/div>\n                    <\/div>\n                <\/a>\n            <\/div>\n\n                        \n    <\/div>\n<\/section>\n[\/et_pb_fullwidth_code][\/et_pb_section]<\/p>\n","protected":false},"excerpt":{"rendered":"<p>[et_pb_section fb_built=&#8221;1&#8243; admin_label=&#8221;Hp video&#8221; module_id=&#8221;hp-top&#8221; _builder_version=&#8221;4.16&#8243; background_image=&#8221;https:\/\/skanzenrochus.cz\/wp-content\/uploads\/2018\/10\/intro.jpg&#8221; global_colors_info=&#8221;{}&#8221;][et_pb_row _builder_version=&#8221;4.16&#8243; background_size=&#8221;initial&#8221; background_position=&#8221;top_left&#8221; background_repeat=&#8221;repeat&#8221; global_colors_info=&#8221;{}&#8221;][et_pb_column type=&#8221;4_4&#8243; _builder_version=&#8221;4.16&#8243; custom_padding=&#8221;|||&#8221; global_colors_info=&#8221;{}&#8221; custom_padding__hover=&#8221;|||&#8221;][\/et_pb_column][\/et_pb_row][\/et_pb_section][et_pb_section fb_built=&#8221;1&#8243; module_id=&#8221;hp-first&#8221; _builder_version=&#8221;4.16&#8243; custom_padding=&#8221;0|0px|0|0px&#8221; global_colors_info=&#8221;{}&#8221;][et_pb_row column_structure=&#8221;1_3,2_3&#8243; _builder_version=&#8221;4.16&#8243; max_width=&#8221;1400px&#8221; use_custom_width=&#8221;on&#8221; custom_width_px=&#8221;1400px&#8221;&#8230;<\/p>\n","protected":false},"author":1,"featured_media":0,"parent":0,"menu_order":0,"comment_status":"closed","ping_status":"closed","template":"","meta":{"_acf_changed":false,"_et_pb_use_builder":"on","_et_pb_old_content":"","_et_gb_content_width":"","footnotes":""},"class_list":["post-4691","page","type-page","status-publish","hentry"],"acf":[],"aioseo_notices":[],"_links":{"self":[{"href":"https:\/\/skanzenrochus.cz\/en\/wp-json\/wp\/v2\/pages\/4691","targetHints":{"allow":["GET"]}}],"collection":[{"href":"https:\/\/skanzenrochus.cz\/en\/wp-json\/wp\/v2\/pages"}],"about":[{"href":"https:\/\/skanzenrochus.cz\/en\/wp-json\/wp\/v2\/types\/page"}],"author":[{"embeddable":true,"href":"https:\/\/skanzenrochus.cz\/en\/wp-json\/wp\/v2\/users\/1"}],"replies":[{"embeddable":true,"href":"https:\/\/skanzenrochus.cz\/en\/wp-json\/wp\/v2\/comments?post=4691"}],"version-history":[{"count":44,"href":"https:\/\/skanzenrochus.cz\/en\/wp-json\/wp\/v2\/pages\/4691\/revisions"}],"predecessor-version":[{"id":7853,"href":"https:\/\/skanzenrochus.cz\/en\/wp-json\/wp\/v2\/pages\/4691\/revisions\/7853"}],"wp:attachment":[{"href":"https:\/\/skanzenrochus.cz\/en\/wp-json\/wp\/v2\/media?parent=4691"}],"curies":[{"name":"wp","href":"https:\/\/api.w.org\/{rel}","templated":true}]}}