{"id":4712,"date":"2018-04-26T09:30:56","date_gmt":"2018-04-26T07:30:56","guid":{"rendered":"https:\/\/skanzenrochus.cz\/kontakt\/"},"modified":"2022-01-27T12:41:43","modified_gmt":"2022-01-27T11:41:43","slug":"kontakt","status":"publish","type":"page","link":"https:\/\/skanzenrochus.cz\/en\/kontakt\/","title":{"rendered":"Contacts"},"content":{"rendered":"<p>[et_pb_section fb_built=&#8221;1&#8243; module_id=&#8221;kontakt-pull&#8221; module_class=&#8221;vlnky&#8221; _builder_version=&#8221;3.22&#8243; background_color=&#8221;#3d6381&#8243; custom_padding=&#8221;0|0px|0|0px|false|false&#8221; global_colors_info=&#8221;{}&#8221;][et_pb_row column_structure=&#8221;1_2,1_2&#8243; make_equal=&#8221;on&#8221; module_class=&#8221; et_pb_row_fullwidth&#8221; _builder_version=&#8221;3.25&#8243; width=&#8221;89%&#8221; width_tablet=&#8221;80%&#8221; width_phone=&#8221;&#8221; width_last_edited=&#8221;on|desktop&#8221; max_width=&#8221;89%&#8221; max_width_tablet=&#8221;80%&#8221; max_width_phone=&#8221;&#8221; max_width_last_edited=&#8221;on|desktop&#8221; custom_padding=&#8221;0|0px|0|0px|false|false&#8221; make_fullwidth=&#8221;on&#8221; global_colors_info=&#8221;{}&#8221;][et_pb_column type=&#8221;1_2&#8243; _builder_version=&#8221;3.25&#8243; custom_padding=&#8221;|||&#8221; global_colors_info=&#8221;{}&#8221; custom_padding__hover=&#8221;|||&#8221;][et_pb_map address=&#8221;Uhersk\u00e9 Hradi\u0161t\u011b, \u010cesko&#8221; zoom_level=&#8221;12&#8243; address_lat=&#8221;49.066439518083&#8243; address_lng=&#8221;17.496355220653&#8243; mobile_dragging=&#8221;off&#8221; _builder_version=&#8221;3.7&#8243; global_colors_info=&#8221;{}&#8221;][et_pb_map_pin title=&#8221;Skanzen Rochus&#8221; pin_address=&#8221;Ma\u0159atice 1797 Uhersk\u00e9 Hradi\u0161t\u011b, 686 05, \u010cesko&#8221; pin_address_lat=&#8221;49.071907&#8243; pin_address_lng=&#8221;17.488802&#8243; _builder_version=&#8221;3.7&#8243; global_colors_info=&#8221;{}&#8221;]<\/p>\n<p><a href=\"https:\/\/goo.gl\/maps\/3RpV7HddwwL2\" target=\"_blank\" rel=\"noopener noreferrer\">Zv\u011bt\u0161it mapu a navigovat<\/a><\/p>\n<p>[\/et_pb_map_pin][\/et_pb_map][\/et_pb_column][et_pb_column type=&#8221;1_2&#8243; _builder_version=&#8221;3.25&#8243; custom_padding=&#8221;|||&#8221; custom_css_main_element=&#8221;padding-top: 80px;||padding-bottom: 80px;||max-width: 550px&#8221; global_colors_info=&#8221;{}&#8221; custom_padding__hover=&#8221;|||&#8221;][et_pb_text _builder_version=&#8221;4.14.7&#8243; text_font=&#8221;||||||||&#8221; background_layout=&#8221;dark&#8221; global_colors_info=&#8221;{}&#8221;]<\/p>\n<p><span style=\"text-decoration: underline;\"><strong>Open-air museum Rochus<\/strong><\/span><\/p>\n<ul class=\"cont\">\n<li class=\"adresa\"><strong>Ma\u0159atice 1797 (GPS:\u00a0<a href=\"https:\/\/goo.gl\/maps\/BC9SZvFufCy3VbK37\" target=\"_blank\" rel=\"noopener noreferrer\">49.0718000 N, 17.4889000 E<\/a>)<\/strong><br \/><strong>Uhersk\u00e9 Hradi\u0161t\u011b<\/strong><br \/><strong>686 05<br \/><\/strong><strong>Czech Republic<\/strong><\/li>\n<\/ul>\n<p>&nbsp;<\/p>\n<ul class=\"cont\">\n<li class=\"tel\"><a href=\"tel:+420739488448\"><strong>+420 739 488 448<\/strong><\/a> (Open-air museum Rochus cash desk)<\/li>\n<li class=\"tel\"><strong>+420\u00a0<\/strong><strong>739 488 432<\/strong> (Reservation; please, call from Monday to Friday 9:00-17:00)<\/li>\n<li class=\"email\"><a href=\"mailto:info@parkrochus.cz\" target=\"_blank\" rel=\"noopener noreferrer\"><strong>info@parkrochus.cz<\/strong><\/a><\/li>\n<\/ul>\n<p>[\/et_pb_text][et_pb_text _builder_version=&#8221;4.14.7&#8243; text_font=&#8221;||||||||&#8221; text_text_color=&#8221;#c5d3e4&#8243; text_font_size=&#8221;15px&#8221; global_colors_info=&#8221;{}&#8221;]<\/p>\n<p>&nbsp;<\/p>\n<p>Park Rochus, o. p. s. headquarters:<\/p>\n<p>Studentsk\u00e9 n\u00e1m. 1531<br \/>686 01 Uhersk\u00e9 Hradi\u0161t\u011b<\/p>\n<p>I\u010c: 29234387, DI\u010c: CZ29234387<\/p>\n<p class=\"p1\">Public benefit company registered in the register of public benefit companies at KS Brno, dept. O, insert 422<\/p>\n<p>[\/et_pb_text][\/et_pb_column][\/et_pb_row][\/et_pb_section][et_pb_section fb_built=&#8221;1&#8243; _builder_version=&#8221;3.22&#8243; global_colors_info=&#8221;{}&#8221;][et_pb_row column_structure=&#8221;1_3,2_3&#8243; _builder_version=&#8221;3.25&#8243; max_width=&#8221;1400px&#8221; use_custom_width=&#8221;on&#8221; custom_width_px=&#8221;1400px&#8221; global_colors_info=&#8221;{}&#8221;][et_pb_column type=&#8221;1_3&#8243; _builder_version=&#8221;3.25&#8243; custom_padding=&#8221;|||&#8221; global_colors_info=&#8221;{}&#8221; custom_padding__hover=&#8221;|||&#8221;][et_pb_text _builder_version=&#8221;4.14.7&#8243; header_font=&#8221;||||||||&#8221; header_2_font=&#8221;||||||||&#8221; header_2_font_size=&#8221;32px&#8221; global_colors_info=&#8221;{}&#8221;]<\/p>\n<h2>Would you like to visit us?<\/h2>\n<p><strong>Please, reserve your tour.<\/strong><\/p>\n<p>The completed form will be sent to our e-mail address. Please wait for the booking confirmation, we will contact you at the e-mail you entered.<\/p>\n<p>[\/et_pb_text][\/et_pb_column][et_pb_column type=&#8221;2_3&#8243; _builder_version=&#8221;3.25&#8243; custom_padding=&#8221;|||&#8221; global_colors_info=&#8221;{}&#8221; custom_padding__hover=&#8221;|||&#8221;][et_pb_contact_form email=&#8221;info@parkrochus.cz&#8221; custom_message=&#8221;Jm\u00e9no: %%Name%%||et_pb_line_break_holder||Email: %%Email%%||et_pb_line_break_holder||||et_pb_line_break_holder||Zpr\u00e1va:||et_pb_line_break_holder||%%Message%%&#8221; success_message=&#8221;Zpr\u00e1va byla odesl\u00e1na&#8221; submit_button_text=&#8221;Send&#8221; module_id=&#8221;kontakt-form&#8221; _builder_version=&#8221;4.14.7&#8243; _unique_id=&#8221;b3f5a4e4-5fd3-4bf2-8bfa-afe618810477&#8243; form_field_background_color=&#8221;#efefef&#8221; form_field_font=&#8221;||||||||&#8221; custom_button=&#8221;on&#8221; button_text_color=&#8221;#FFFFFF&#8221; button_bg_color=&#8221;#296ab9&#8243; button_border_width=&#8221;5px&#8221; button_font=&#8221;|800||on|||||&#8221; button_use_icon=&#8221;off&#8221; form_background_color=&#8221;#efefef&#8221; global_colors_info=&#8221;{}&#8221; button_bg_color_hover=&#8221;#296ab9&#8243;][et_pb_contact_field field_id=&#8221;Name&#8221; field_title=&#8221;Name&#8221; _builder_version=&#8221;4.14.7&#8243; global_colors_info=&#8221;{}&#8221; button_text_size__hover_enabled=&#8221;off&#8221; button_one_text_size__hover_enabled=&#8221;off&#8221; button_two_text_size__hover_enabled=&#8221;off&#8221; button_text_color__hover_enabled=&#8221;off&#8221; button_one_text_color__hover_enabled=&#8221;off&#8221; button_two_text_color__hover_enabled=&#8221;off&#8221; button_border_width__hover_enabled=&#8221;off&#8221; button_one_border_width__hover_enabled=&#8221;off&#8221; button_two_border_width__hover_enabled=&#8221;off&#8221; button_border_color__hover_enabled=&#8221;off&#8221; button_one_border_color__hover_enabled=&#8221;off&#8221; button_two_border_color__hover_enabled=&#8221;off&#8221; button_border_radius__hover_enabled=&#8221;off&#8221; button_one_border_radius__hover_enabled=&#8221;off&#8221; button_two_border_radius__hover_enabled=&#8221;off&#8221; button_letter_spacing__hover_enabled=&#8221;off&#8221; button_one_letter_spacing__hover_enabled=&#8221;off&#8221; button_two_letter_spacing__hover_enabled=&#8221;off&#8221; button_bg_color__hover_enabled=&#8221;off&#8221; button_one_bg_color__hover_enabled=&#8221;off&#8221; button_two_bg_color__hover_enabled=&#8221;off&#8221;][\/et_pb_contact_field][et_pb_contact_field field_id=&#8221;Email&#8221; field_title=&#8221;E-mail&#8221; field_type=&#8221;email&#8221; _builder_version=&#8221;4.14.7&#8243; global_colors_info=&#8221;{}&#8221; button_text_size__hover_enabled=&#8221;off&#8221; button_one_text_size__hover_enabled=&#8221;off&#8221; button_two_text_size__hover_enabled=&#8221;off&#8221; button_text_color__hover_enabled=&#8221;off&#8221; button_one_text_color__hover_enabled=&#8221;off&#8221; button_two_text_color__hover_enabled=&#8221;off&#8221; button_border_width__hover_enabled=&#8221;off&#8221; button_one_border_width__hover_enabled=&#8221;off&#8221; button_two_border_width__hover_enabled=&#8221;off&#8221; button_border_color__hover_enabled=&#8221;off&#8221; button_one_border_color__hover_enabled=&#8221;off&#8221; button_two_border_color__hover_enabled=&#8221;off&#8221; button_border_radius__hover_enabled=&#8221;off&#8221; button_one_border_radius__hover_enabled=&#8221;off&#8221; button_two_border_radius__hover_enabled=&#8221;off&#8221; button_letter_spacing__hover_enabled=&#8221;off&#8221; button_one_letter_spacing__hover_enabled=&#8221;off&#8221; button_two_letter_spacing__hover_enabled=&#8221;off&#8221; button_bg_color__hover_enabled=&#8221;off&#8221; button_one_bg_color__hover_enabled=&#8221;off&#8221; button_two_bg_color__hover_enabled=&#8221;off&#8221;][\/et_pb_contact_field][et_pb_contact_field field_id=&#8221;Message&#8221; field_title=&#8221;Message&#8221; field_type=&#8221;text&#8221; fullwidth_field=&#8221;on&#8221; _builder_version=&#8221;4.14.7&#8243; global_colors_info=&#8221;{}&#8221; button_text_size__hover_enabled=&#8221;off&#8221; button_one_text_size__hover_enabled=&#8221;off&#8221; button_two_text_size__hover_enabled=&#8221;off&#8221; button_text_color__hover_enabled=&#8221;off&#8221; button_one_text_color__hover_enabled=&#8221;off&#8221; button_two_text_color__hover_enabled=&#8221;off&#8221; button_border_width__hover_enabled=&#8221;off&#8221; button_one_border_width__hover_enabled=&#8221;off&#8221; button_two_border_width__hover_enabled=&#8221;off&#8221; button_border_color__hover_enabled=&#8221;off&#8221; button_one_border_color__hover_enabled=&#8221;off&#8221; button_two_border_color__hover_enabled=&#8221;off&#8221; button_border_radius__hover_enabled=&#8221;off&#8221; button_one_border_radius__hover_enabled=&#8221;off&#8221; button_two_border_radius__hover_enabled=&#8221;off&#8221; button_letter_spacing__hover_enabled=&#8221;off&#8221; button_one_letter_spacing__hover_enabled=&#8221;off&#8221; button_two_letter_spacing__hover_enabled=&#8221;off&#8221; button_bg_color__hover_enabled=&#8221;off&#8221; button_one_bg_color__hover_enabled=&#8221;off&#8221; button_two_bg_color__hover_enabled=&#8221;off&#8221;][\/et_pb_contact_field][\/et_pb_contact_form][\/et_pb_column][\/et_pb_row][\/et_pb_section]<\/p>\n","protected":false},"excerpt":{"rendered":"<p>Skanzen Rochus Zv\u011bt\u0161it&#8230;<\/p>\n","protected":false},"author":1,"featured_media":0,"parent":0,"menu_order":0,"comment_status":"closed","ping_status":"closed","template":"","meta":{"_acf_changed":false,"_et_pb_use_builder":"on","_et_pb_old_content":"<p>[et_pb_section fb_built=\"1\" admin_label=\"section\" module_id=\"kontakt-first\" _builder_version=\"3.22\" custom_padding=\"0|0px|81.3125px|0px|false|false\"][et_pb_row column_structure=\"1_2,1_2\" admin_label=\"row\" _builder_version=\"3.25\" background_size=\"initial\" background_position=\"top_left\" background_repeat=\"repeat\" max_width=\"1400px\" use_custom_width=\"on\" custom_width_px=\"1400px\"][et_pb_column type=\"1_2\" _builder_version=\"3.25\" custom_padding=\"|||\" custom_padding__hover=\"|||\"][et_pb_text admin_label=\"Text\" _builder_version=\"4.0.9\" text_font=\"||||||||\" text_orientation=\"center\" max_width=\"80%\" module_alignment=\"center\"]<\/p><h2>Otev\u00edrac\u00ed doba<\/h2><p><strong>DUBEN<\/strong><br \/>sobota \u2013 ned\u011ble: 10.00 \u2013 18.00<br \/>posledn\u00ed prohl\u00eddka v\u00a017.00 hodin<\/p><p><strong>KV\u011aTEN, \u0158\u00cdJEN<\/strong><br \/>\u010dtvrtek \u2013 ned\u011ble: 10.00 \u2013 18.00<br \/>posledn\u00ed prohl\u00eddka v\u00a017.00 hodin<\/p><p><strong>\u010cERVEN \u2013 Z\u00c1\u0158\u00cd<br \/><\/strong>\u00fater\u00fd \u2013 ned\u011ble: 10.00 \u2013 18.00<br \/>posledn\u00ed prohl\u00eddka v\u00a017.00 hodin<\/p><p>Mimo uvedenou dobu lze po p\u0159edchoz\u00ed domluv\u011b pro skupinu alespo\u0148 10 osob zajistit prohl\u00eddku i v jin\u00fd term\u00edn.<\/p><p><strong>\u010cASY PROHL\u00cdDEK<\/strong>:<br \/>10.00; 11.30; 13.00; 14.30; 16.00; 17.00<\/p><p>[\/et_pb_text][\/et_pb_column][et_pb_column type=\"1_2\" _builder_version=\"3.25\" custom_padding=\"|||\" custom_padding__hover=\"|||\"][et_pb_text admin_label=\"Text\" _builder_version=\"4.0.9\" text_font=\"||||||||\" text_orientation=\"center\" max_width=\"80%\" module_alignment=\"center\" hover_enabled=\"0\"]<\/p><h2>Vstupn\u00e9<\/h2><p>dosp\u011bl\u00ed 100,- K\u010d<\/p><p>d\u011bti, studenti, senio\u0159i 60,- K\u010d<\/p><p>rodinn\u00e9 vstupn\u00e9 220,- K\u010d<br \/>(maxim\u00e1ln\u011b 2 dosp\u011bl\u00ed a maxim\u00e1ln\u011b 4 d\u011bti do 15 let)<\/p><p>na kulturn\u00ed a vzd\u011bl\u00e1vac\u00ed akce vstup dle aktu\u00e1ln\u00edho cen\u00edku<\/p><p><strong>ZV\u00ddHODN\u011aN\u00c9 VSTUPN\u00c9<\/strong><br \/>V\u011brnostn\u00ed program Sphere a Carte 10 % (sleva Sphere Young 20 %)<\/p><p><strong>ZDARMA<\/strong><br \/>d\u011bti do 6 let, dr\u017eitel\u00e9 pr\u016fkazu TP, ZTP, ZTP\/P, dr\u017eitel\u00e9 karty Asociace muze\u00ed a galeri\u00ed - AMG a partnersk\u00e9 organizace ze Slovenska a Polska, dr\u017eitel\u00e9 pr\u016fkazu \u010cesk\u00fd svaz muze\u00ed v p\u0159\u00edrod\u011b, pr\u016fvodci CK, novin\u00e1\u0159i, pedagogick\u00fd dozor.<\/p><p>[\/et_pb_text][\/et_pb_column][\/et_pb_row][\/et_pb_section][et_pb_section fb_built=\"1\" module_id=\"kontakt-pull\" module_class=\"vlnky\" _builder_version=\"3.22\" background_color=\"#3d6381\" custom_padding=\"0|0px|0|0px|false|false\"][et_pb_row column_structure=\"1_2,1_2\" make_equal=\"on\" module_class=\" et_pb_row_fullwidth\" _builder_version=\"3.25\" width=\"89%\" width_tablet=\"80%\" width_phone=\"\" width_last_edited=\"on|desktop\" max_width=\"89%\" max_width_tablet=\"80%\" max_width_phone=\"\" max_width_last_edited=\"on|desktop\" custom_padding=\"0|0px|0|0px|false|false\" make_fullwidth=\"on\"][et_pb_column type=\"1_2\" _builder_version=\"3.25\" custom_padding=\"|||\" custom_padding__hover=\"|||\"][et_pb_map address=\"Uhersk\u00e9 Hradi\u0161t\u011b, \u010cesko\" zoom_level=\"12\" address_lat=\"49.066439518083\" address_lng=\"17.496355220653\" mobile_dragging=\"off\" _builder_version=\"3.7\"][et_pb_map_pin title=\"Skanzen Rochus\" pin_address=\"Ma\u0159atice 1797 Uhersk\u00e9 Hradi\u0161t\u011b, 686 05, \u010cesko\" pin_address_lat=\"49.071907\" pin_address_lng=\"17.488802\" _builder_version=\"3.7\"]<\/p><p><a href=\"https:\/\/goo.gl\/maps\/3RpV7HddwwL2\" target=\"_blank\" rel=\"noopener noreferrer\">Zv\u011bt\u0161it mapu a navigovat<\/a><\/p><p>[\/et_pb_map_pin][\/et_pb_map][\/et_pb_column][et_pb_column type=\"1_2\" _builder_version=\"3.25\" custom_padding=\"|||\" custom_css_main_element=\"padding-top: 80px;||padding-bottom: 80px;||max-width: 550px\" custom_padding__hover=\"|||\"][et_pb_text _builder_version=\"4.0.9\" text_font=\"||||||||\" background_layout=\"dark\"]<\/p><p><span style=\"text-decoration: underline;\"><strong>Skanzen Rochus<\/strong><\/span><\/p><ul class=\"cont\"><li class=\"adresa\"><strong>Ma\u0159atice 1797<\/strong><br \/><strong>Uhersk\u00e9 Hradi\u0161t\u011b<\/strong><br \/><strong>686 05 <\/strong><\/li><li class=\"tel\"><a href=\"tel:+420739488448\"><strong>+420 739 488 448<\/strong><\/a> (pokladna skanzen Rochus)<\/li><li class=\"tel\"><strong>+420\u00a0<\/strong><strong>739 387 774<\/strong>\u00a0(rezervace)<\/li><li class=\"email\"><a href=\"mailto:info@parkrochus.cz\" target=\"_blank\" rel=\"noopener noreferrer\"><strong>info@parkrochus.cz<\/strong><\/a><\/li><\/ul><p>[\/et_pb_text][et_pb_text _builder_version=\"4.0.9\" text_font=\"||||||||\" text_text_color=\"#c5d3e4\" text_font_size=\"15px\"]<\/p><p>\u00a0<\/p><p>S\u00eddlo spole\u010dnosti Park Rochus o.p.s.:<\/p><p>Studentsk\u00e9 n\u00e1m. 1531<br \/>686 01 Uhersk\u00e9 Hradi\u0161t\u011b<\/p><p>I\u010c: 29234387, DI\u010c: CZ29234387<\/p><p>Obecn\u011b prosp\u011b\u0161n\u00e1 spole\u010dnost zapsan\u00e1 v rejst\u0159\u00edku obecn\u011b prosp\u011b\u0161n\u00fdch spole\u010dnost\u00ed u KS Brno, odd. O, vlo\u017eka 422<\/p><p>[\/et_pb_text][\/et_pb_column][\/et_pb_row][\/et_pb_section][et_pb_section fb_built=\"1\" _builder_version=\"3.22\"][et_pb_row column_structure=\"1_3,2_3\" _builder_version=\"3.25\" max_width=\"1400px\" use_custom_width=\"on\" custom_width_px=\"1400px\"][et_pb_column type=\"1_3\" _builder_version=\"3.25\" custom_padding=\"|||\" custom_padding__hover=\"|||\"][et_pb_text _builder_version=\"3.27.4\" header_font=\"||||||||\" header_2_font=\"||||||||\" header_2_font_size=\"32px\"]<\/p><h2>Chyst\u00e1te se k n\u00e1m?<\/h2><p><strong>REZERVUJTE SI PROHL\u00cdDKU<\/strong><\/p><p>Mimo v\u00fd\u0161e uvedenou otev\u00edrac\u00ed dobu lze po p\u0159edchoz\u00ed domluv\u011b pro skupinu alespo\u0148 20 osob zajistit prohl\u00eddku i v jin\u00fd term\u00edn. Pokud budete m\u00edt o takovou prohl\u00eddku z\u00e1jem, nev\u00e1hejte n\u00e1s kontaktovat. R\u00e1di ji po p\u0159edchoz\u00ed dohod\u011b pro V\u00e1s ud\u011bl\u00e1me.<\/p><p>[\/et_pb_text][\/et_pb_column][et_pb_column type=\"2_3\" _builder_version=\"3.25\" custom_padding=\"|||\" custom_padding__hover=\"|||\"][et_pb_contact_form email=\"info@parkrochus.cz\" custom_message=\"Jm\u00e9no: %%Name%%||et_pb_line_break_holder||Email: %%Email%%||et_pb_line_break_holder||||et_pb_line_break_holder||Zpr\u00e1va:||et_pb_line_break_holder||%%Message%%\" success_message=\"Zpr\u00e1va byla odesl\u00e1na\" submit_button_text=\"Odeslat\" module_id=\"kontakt-form\" _builder_version=\"3.23\" form_field_background_color=\"#efefef\" form_field_font=\"||||||||\" custom_button=\"on\" button_text_color=\"#FFFFFF\" button_bg_color=\"#296ab9\" button_border_width=\"5px\" button_font=\"|800||on|||||\" button_use_icon=\"off\" form_background_color=\"#efefef\" button_bg_color_hover=\"#296ab9\"][et_pb_contact_field field_id=\"Name\" field_title=\"Jm\u00e9no\" _builder_version=\"3.16\" button_text_size__hover_enabled=\"off\" button_one_text_size__hover_enabled=\"off\" button_two_text_size__hover_enabled=\"off\" button_text_color__hover_enabled=\"off\" button_one_text_color__hover_enabled=\"off\" button_two_text_color__hover_enabled=\"off\" button_border_width__hover_enabled=\"off\" button_one_border_width__hover_enabled=\"off\" button_two_border_width__hover_enabled=\"off\" button_border_color__hover_enabled=\"off\" button_one_border_color__hover_enabled=\"off\" button_two_border_color__hover_enabled=\"off\" button_border_radius__hover_enabled=\"off\" button_one_border_radius__hover_enabled=\"off\" button_two_border_radius__hover_enabled=\"off\" button_letter_spacing__hover_enabled=\"off\" button_one_letter_spacing__hover_enabled=\"off\" button_two_letter_spacing__hover_enabled=\"off\" button_bg_color__hover_enabled=\"off\" button_one_bg_color__hover_enabled=\"off\" button_two_bg_color__hover_enabled=\"off\"][\/et_pb_contact_field][et_pb_contact_field field_id=\"Email\" field_title=\"E-mailov\u00e1 adresa\" field_type=\"email\" _builder_version=\"3.16\" button_text_size__hover_enabled=\"off\" button_one_text_size__hover_enabled=\"off\" button_two_text_size__hover_enabled=\"off\" button_text_color__hover_enabled=\"off\" button_one_text_color__hover_enabled=\"off\" button_two_text_color__hover_enabled=\"off\" button_border_width__hover_enabled=\"off\" button_one_border_width__hover_enabled=\"off\" button_two_border_width__hover_enabled=\"off\" button_border_color__hover_enabled=\"off\" button_one_border_color__hover_enabled=\"off\" button_two_border_color__hover_enabled=\"off\" button_border_radius__hover_enabled=\"off\" button_one_border_radius__hover_enabled=\"off\" button_two_border_radius__hover_enabled=\"off\" button_letter_spacing__hover_enabled=\"off\" button_one_letter_spacing__hover_enabled=\"off\" button_two_letter_spacing__hover_enabled=\"off\" button_bg_color__hover_enabled=\"off\" button_one_bg_color__hover_enabled=\"off\" button_two_bg_color__hover_enabled=\"off\"][\/et_pb_contact_field][et_pb_contact_field field_id=\"Message\" field_title=\"Zpr\u00e1va\" field_type=\"text\" fullwidth_field=\"on\" _builder_version=\"3.16\" button_text_size__hover_enabled=\"off\" button_one_text_size__hover_enabled=\"off\" button_two_text_size__hover_enabled=\"off\" button_text_color__hover_enabled=\"off\" button_one_text_color__hover_enabled=\"off\" button_two_text_color__hover_enabled=\"off\" button_border_width__hover_enabled=\"off\" button_one_border_width__hover_enabled=\"off\" button_two_border_width__hover_enabled=\"off\" button_border_color__hover_enabled=\"off\" button_one_border_color__hover_enabled=\"off\" button_two_border_color__hover_enabled=\"off\" button_border_radius__hover_enabled=\"off\" button_one_border_radius__hover_enabled=\"off\" button_two_border_radius__hover_enabled=\"off\" button_letter_spacing__hover_enabled=\"off\" button_one_letter_spacing__hover_enabled=\"off\" button_two_letter_spacing__hover_enabled=\"off\" button_bg_color__hover_enabled=\"off\" button_one_bg_color__hover_enabled=\"off\" button_two_bg_color__hover_enabled=\"off\"][\/et_pb_contact_field][\/et_pb_contact_form][\/et_pb_column][\/et_pb_row][\/et_pb_section]<\/p>","_et_gb_content_width":"","footnotes":""},"class_list":["post-4712","page","type-page","status-publish","hentry"],"acf":[],"aioseo_notices":[],"_links":{"self":[{"href":"https:\/\/skanzenrochus.cz\/en\/wp-json\/wp\/v2\/pages\/4712","targetHints":{"allow":["GET"]}}],"collection":[{"href":"https:\/\/skanzenrochus.cz\/en\/wp-json\/wp\/v2\/pages"}],"about":[{"href":"https:\/\/skanzenrochus.cz\/en\/wp-json\/wp\/v2\/types\/page"}],"author":[{"embeddable":true,"href":"https:\/\/skanzenrochus.cz\/en\/wp-json\/wp\/v2\/users\/1"}],"replies":[{"embeddable":true,"href":"https:\/\/skanzenrochus.cz\/en\/wp-json\/wp\/v2\/comments?post=4712"}],"version-history":[{"count":5,"href":"https:\/\/skanzenrochus.cz\/en\/wp-json\/wp\/v2\/pages\/4712\/revisions"}],"predecessor-version":[{"id":5065,"href":"https:\/\/skanzenrochus.cz\/en\/wp-json\/wp\/v2\/pages\/4712\/revisions\/5065"}],"wp:attachment":[{"href":"https:\/\/skanzenrochus.cz\/en\/wp-json\/wp\/v2\/media?parent=4712"}],"curies":[{"name":"wp","href":"https:\/\/api.w.org\/{rel}","templated":true}]}}